{"id":3543,"date":"2022-06-28T09:53:35","date_gmt":"2022-06-28T09:53:35","guid":{"rendered":"https:\/\/mehofer.at\/allgemeine-geschaeftsbedingungen\/"},"modified":"2023-11-04T08:27:52","modified_gmt":"2023-11-04T08:27:52","slug":"allgemeine-geschaeftsbedingungen","status":"publish","type":"page","link":"https:\/\/mehofer.at\/en\/allgemeine-geschaeftsbedingungen\/","title":{"rendered":"General Terms and Conditions"},"content":{"rendered":"\t\t<div data-elementor-type=\"wp-page\" data-elementor-id=\"3543\" class=\"elementor elementor-3543 elementor-2361\" data-elementor-post-type=\"page\">\n\t\t\t\t\t\t<section class=\"elementor-section elementor-top-section elementor-element elementor-element-22934e35 elementor-section-boxed elementor-section-height-default elementor-section-height-default\" data-id=\"22934e35\" data-element_type=\"section\" data-e-type=\"section\" data-settings=\"{&quot;jet_parallax_layout_list&quot;:[]}\">\n\t\t\t\t\t\t<div class=\"elementor-container elementor-column-gap-default\">\n\t\t\t\t\t<div class=\"elementor-column elementor-col-100 elementor-top-column elementor-element elementor-element-2b48568d\" data-id=\"2b48568d\" data-element_type=\"column\" data-e-type=\"column\">\n\t\t\t<div class=\"elementor-widget-wrap elementor-element-populated\">\n\t\t\t\t\t\t<div class=\"elementor-element elementor-element-7d28b2a1 elementor-widget elementor-widget-text-editor\" data-id=\"7d28b2a1\" data-element_type=\"widget\" data-e-type=\"widget\" data-widget_type=\"text-editor.default\">\n\t\t\t\t<div class=\"elementor-widget-container\">\n\t\t\t\t\t\t\t\t\t<p>Stand 11. Juli 2022<\/p>\n<p><strong>Weingut Mehofer \u2013 Neudeggerhof, Stephan Mehofer <\/strong><\/p>\n<p><strong>mit Sitz in 3471 Neudegg 14, ATU65614249<\/strong><\/p>\n<\/p>\n<ol>\n<li><strong> GELTUNGSBEREICH <\/strong><\/li>\n<\/ol>\n<p>1.1. F\u00fcr die Gesch\u00e4ftsbeziehung (Verkauf und die Lieferung von Waren) zwischen dem Weingut Mehofer \u2013 Neudeggerhof, Stephan Mehofer, (im Folgenden \u201eWeingut Mehofer\u201c) und dem K\u00e4ufer (im Folgenden \u201eKunde\u201c) gelten ausschlie\u00dflich die nachstehenden Allgemeinen Gesch\u00e4ftsbedingungen (im Folgenden \u201eAGB\u201c) in der zum Zeitpunkt der Bestellung g\u00fcltigen Fassung, und zwar sowohl gegen\u00fcber Unternehmern als auch Verbrauchern, gegen\u00fcber letzteren jedoch nur insoweit, als keine zwingenden Bestimmungen des Konsumentenschutzgesetzes (KSchG) oder anderer Gesetze dem entgegenstehen.<\/p>\n<p>1.2. Abweichende Bedingungen des Kunden erkennt das Weingut Mehofer nicht an und werden somit nicht Vertragsinhalt. Es sei denn, das Weingut Mehofer hat den abweichenden Bedingungen des Kunden ausdr\u00fccklich durch schriftliche Best\u00e4tigung zugestimmt.<\/p>\n<p>1.3. F\u00fcr das Erfordernis der Schriftform im Sinne dieser AGB ist eine Erkl\u00e4rung auf elektronischem Wege per E-Mail oder Telefax ausreichend.<\/p>\n<\/p>\n<ol start=\"2\">\n<li><strong> PREISE <\/strong><\/li>\n<\/ol>\n<p>2.1. Die in Katalogen, Prospekten, Preislisten sowie auf der Website und im Online-Shop angegebenen Preise sind, soweit nicht im Einzelfall ausdr\u00fccklich Abweichendes angef\u00fchrt, unverbindliche Richtpreise in Euro. F\u00fcr vorhergehende Bestellungen verrechnete Preise sind f\u00fcr allf\u00e4llige Nachbestellungen nicht verbindlich.<\/p>\n<p>2.2. S\u00e4mtliche angef\u00fchrte Preise beziehen sich nur auf die Waren und umfassen weder allf\u00e4llige Versand-, Zustell-, und Verpackungskosten.<\/p>\n<p>2.3. Die Preise auf der Website gelten f\u00fcr Lieferungen im Inland und beinhalten die g\u00fcltige Umsatzsteuer. Die \u00fcbrigen Preislisten enthalten je nach Abnehmer n\u00e4here Angaben zur Umsatzsteuer. <\/p>\n<p>2.4. Bei Lieferungen ins Ausland umfassen die Preise keine Ein- und Ausfuhrz\u00f6lle sowie sonstige in Zusammenhang mit der Lieferung ins Ausland entstehenden Steuern und Abgaben. Lieferungen au\u00dferhalb \u00d6sterreichs k\u00f6nnen nur dann erfolgen, wenn der Lieferung keine gesetzlichen oder unverh\u00e4ltnism\u00e4\u00dfigen logistischen Hindernisse entgegenstehen. Alle durch die Zustellung und Lieferung ins Ausland entstehenden Kosten, einschlie\u00dflich allf\u00e4lliger Ein- bzw. Ausfuhrabgaben, tr\u00e4gt der Kunde zur G\u00e4nze selbst. Diese werden, was die Zustellkosten betrifft, sofern sie dem Weingut Mehofer bekannt sind, in der Bestellbest\u00e4tigung ausgewiesen. Der Kunde hat s\u00e4mtliche Abgaben selbst abzuf\u00fchren. Sollten sie dem Weingut Mehofer aus welchem Grund auch immer in Rechnung gestellt werden, so hat der Kunde dem Weingut Mehofer den jeweiligen Betrag zu erstattet.<\/p>\n<\/p>\n<ol start=\"3\">\n<li><strong> VERTRAGSABSCHLUSS<\/strong><\/li>\n<\/ol>\n<p>3.1. Der Kunde gibt seine Bestellung per Post, Telefon, Fax, E-Mail oder im Online-Shop ab. Ab Zugang beim Weingut Mehofer liegt ein verbindliches Angebot f\u00fcr den Kauf der gew\u00e4hlten Waren seitens des Kunden vor. Reservierungen werden als Bestellungen verstanden und sind diesen gleichgestellt. Der Kunde erh\u00e4lt eine Bestellbest\u00e4tigung per E-Mail. Diese ist die Annahme des Angebots durch das Weingut Mehofer und der Vertrag ist zustande gekommen.<\/p>\n<p>3.2. Sollten sich die ausgewiesenen Preise bis zum Zeitpunkt der Abgabe einer Bestellung durch den Kunden ver\u00e4ndert haben so weist das Weingut Mehofer den Kunden auf diesen Umstand in der Bestellbest\u00e4tigung hin und fordert den Kunden seinerseits zur Best\u00e4tigung auf. Gleiches gilt, wenn der Kunde eine von Weingut Mehofer in Auftrag gegebene Zustellung w\u00fcnscht. In diesen F\u00e4llen ist der Vertrag mit Zugang der Best\u00e4tigung des Kunden beim Weingut Mehofer zustande gekommen.<\/p>\n<p>3.3. Die Vertrags-, Bestell- und Gesch\u00e4ftssprache ist Deutsch.<\/p>\n<\/p>\n<ol start=\"4\">\n<li><strong> ZAHLUNG<\/strong><\/li>\n<\/ol>\n<p>4.1. Bei Zustandekommen des Vertrags ist der gesamte Kaufpreis bei Erhalt der Rechnung zu leisten, sofern nichts anderes vereinbart.<\/p>\n<p>4.2. Der Kaufpreis ist jedenfalls sp\u00e4testens bei Lieferung der Ware f\u00e4llig, es sei denn, es wurde etwas Abweichendes schriftlich vereinbart. Dies gilt auch f\u00fcr Teillieferungen, bei denen der Kaufpreis f\u00fcr die jeweils gelieferten Teilmengen zu bezahlen ist.<\/p>\n<p>4.3. Ist Lieferung mit Zustellung vereinbart, so werden diese und eine allenfalls vom Kunden gew\u00fcnschte Transportversicherung als zus\u00e4tzliche Kosten auf der Rechnung ausgewiesen und gemeinsam mit dieser f\u00e4llig. Das Weingut Mehofer beh\u00e4lt sich vor, die Zustellkosten vorab in G\u00e4nze oder teilweise einzuheben.<\/p>\n<p>4.4. Sofern nichts Abweichendes vereinbart ist und der verrechnete Preis nicht bei Lieferung vollst\u00e4ndig bezahlt wird, ist der \u00dcberbringer der Waren berechtigt, diese auf Kosten des Kunden wieder mitzunehmen.<\/p>\n<p>4.5. Grunds\u00e4tzlich sind Barzahlungen, Kredit- und Bankomatkartenzahlungen sowie \u00dcberweisungen m\u00f6glich. Es ist jedoch zu beachten, dass die Zahlungsart von der Bestell- und Lieferart abh\u00e4ngig ist und nicht alle Varianten offenstehen. Das Weingut Mehofer teilt dem Kunden die unterschiedlichen Zahlungsm\u00f6glichkeiten daher gesondert mit.<\/p>\n<p>4.6. Rabatte oder Boni m\u00fcssen ausdr\u00fccklich schriftlich vereinbart werden. Bei Bezahlung mit Gutscheinen kann f\u00fcr allf\u00e4llige Restbetr\u00e4ge keine Gutschrift ausgestellt werden. Die Einl\u00f6sefrist von Warengutscheinen etc. richtet sich nach dem an den Warengutscheinen etc. angegebenen Datum.<\/p>\n<\/p>\n<ol start=\"5\">\n<li><strong> EIGENTUMSVORBEHALT<\/strong><\/li>\n<\/ol>\n<p>5.1. Das Weingut Mehofer beh\u00e4lt sich das Eigentum an allen Waren bis zur vollst\u00e4ndigen Bezahlung des Kaufpreises samt Nebengeb\u00fchren (Zustellkosten, Abgaben, Steuern etc.) vor.<\/p>\n<\/p>\n<ol start=\"6\">\n<li><strong> BESTELLUNGEN, LIEFERFRIST, LIEFERHINDERNISSE <\/strong><\/li>\n<\/ol>\n<p>6.1. Das Weingut Mehofer nimmt Bestellungen per Telefon, Fax oder E-Mail direkt im Weingut oder \u00fcber den Online-Shop von Montag bis Freitag in der Zeit von 08.00 Uhr bis 13.00 Uhr entgegen. Die Bestellzeiten k\u00f6nnen vom Weingut Mehofer entsprechend den Angaben in Werbeaussendungen bzw. von Zeit zu Zeit ge\u00e4ndert werden. Sofern Bestellungen au\u00dferhalb der Bestellzeiten eingehen, gelten diese erst am Beginn der Bestellzeit am n\u00e4chsten Werktag als zugegangen.<\/p>\n<p>6.2. Bei der Bestellung hat der Kunde einen gew\u00fcnschten Liefertermin sowie einen Ersatztermin und den genauen Lieferort zu nennen. Der Kunde ist verpflichtet, zu diesen Terminen die ordnungsgem\u00e4\u00dfe \u00dcbernahme der bestellten Ware am angegebenen Lieferort sicherzustellen.<\/p>\n<p>6.3. Sofern der Kunde die Waren nicht am Weingut abholt, erfolgt die vom Kunden gew\u00fcnschte Lieferung durch das Weingut Mehofer <span style=\"text-decoration: line-through;\">oder sofern dies mit dem Kunden vereinbart wurde<\/span> oder durch einen vom Weingut Mehofer beauftragten Spediteur Transporteur zu gesch\u00e4fts\u00fcblichen Zeiten. Im Fall der Nichtannahme von bestellter Ware ist das Weingut Mehofer berechtigt, den Ersatz der dadurch entstandenen Mehraufwendungen wie z.B. erh\u00f6hte Transportkosten oder Zwischenlagerungskosten zu verlangen. Dies gilt nicht, wenn das Weingut Mehofer seine Leistungen nicht vertragsgem\u00e4\u00df erbringt. Dem Kunden steht es selbstverst\u00e4ndlich frei, bei entsprechender Mitteilung an das Weingut Mehofer im Rahmen der Bestellung selbst einen Spediteur zu beauftragen oder die Waren am Weingut abzuholen. Dies liegt au\u00dferhalb des Verantwortungsbereichs des Weingut Mehofers. Siehe auch Punkt \u200e8.3<\/p>\n<p>6.4. Die Annahme von Bestellungen erfolgt unter Vorbehalt der Lieferm\u00f6glichkeiten solange der Vorrat reicht. Das Weingut Mehofer beh\u00e4lt sich vor dem Kunden auch geringere Mengen zuzuteilen.<\/p>\n<p>6.5. Wird die Lieferung oder die Einhaltung einer vereinbarten Lieferfrist durch vom Weingut Mehofer nicht zu vertretende Umst\u00e4nde unm\u00f6glich, so erlischt die Lieferpflicht zu dem vorgesehenen Liefertermin. Zu den vom Weingut Mehofer nicht zu vertretenden Umst\u00e4nden geh\u00f6ren insbesondere: Schwierigkeiten beim Bezug der Waren oder Vormaterialien von Dritten, die versp\u00e4tete Freigabe der Waren durch den Lieferanten des Weingut Mehofer, Betriebsst\u00f6rungen (auch bei Lieferanten des Weingut Mehofer), Verkehrsst\u00f6rungen, Aussperrungen und Streiks sowie s\u00e4mtliche F\u00e4lle von h\u00f6herer Gewalt.<\/p>\n<p>6.6. Das Weingut Mehofer wird in den unter Punkt 6.5 genannten F\u00e4llen den Kunden unverz\u00fcglich kontaktieren, um einen Ersatztermin f\u00fcr die verhinderte Lieferung zu vereinbaren. Sofern dem Kunde vom Weingut Mehofer ein neuer Liefertermin angeboten wird, der nicht sp\u00e4ter als zwei Wochen nach dem urspr\u00fcnglich vereinbarten Liefertermin liegt, und die Lieferung zu diesem neuen Termin auch ordnungsgem\u00e4\u00df durchgef\u00fchrt wird, liegt eine rechtzeitige Lieferung durch das Weingut Mehofer im Sinne dieser AGB vor.<\/p>\n<p>6.7. Kann das Weingut Mehofer dem Kunden keinen neuen Liefertermin anbieten oder kann auch der neue Liefertermin aus den oben genannten F\u00e4llen (Unm\u00f6glichkeit der Lieferung zum vereinbarten Termin aus durch das Weingut Mehofer nicht zu vertretenden Umst\u00e4nden) nicht eingehalten werden, ist das Weingut Mehofer berechtigt, vom Vertrag zur G\u00e4nze oder teilweise zur\u00fcckzutreten, ohne schadenersatzpflichtig zu werden. Der Kunde kann in diesen F\u00e4llen ebenso vom Vertrag zur\u00fccktreten.<\/p>\n<p>6.8. Bei teilbaren Leistungen hat der Kunde kein R\u00fccktrittsrecht betreffend lieferbarer Teile, soweit Teile der Leistung erf\u00fcllbar und f\u00fcr den Kunde verwendbar sind. Unter den gleichen Voraussetzungen bzw. wenn die restlichen Teile rechtzeitig (im Sinne von Punkt 6.5) nachgeliefert werden k\u00f6nnen, ist der Kunde nicht berechtigt, die Annahme von Teillieferungen zu verweigern.<\/p>\n<p>6.9. Erkl\u00e4rt der Kunde ungerechtfertigt, am Vertrag nicht festhalten zu wollen und stimmt das Weingut Mehofer dem schriftlich zu, so hat das Weingut Mehofer Anspruch auf 15% des Kaufpreises als pauschalierter Schadenersatz (\u201eStornogeb\u00fchr\u201c). F\u00fcr Verbraucher siehe jedoch unten Punkt 10.<\/p>\n<p>6.10. \u00c4nderungen oder Stornierungen von Bestellungen durch den Kunde bed\u00fcrfen grunds\u00e4tzlich der Schriftform und sind nur bei entsprechender Best\u00e4tigung seitens des Weinguts Mehofer m\u00f6glich. Tipp-, Schreib- und Rechenfehler seitens Weingut Mehofer werden vorbehalten.<\/p>\n<\/p>\n<ol start=\"7\">\n<li><strong> VERZUG DES KUNDEN<\/strong><\/li>\n<\/ol>\n<p>7.1. Beim Weingut Mehofer bestellte bzw. kommissionierte Ware ist innerhalb von 14 Tagen ab Verst\u00e4ndigung bzw. Kommissionierung abzuholen. Eine allf\u00e4llige l\u00e4ngere Lagerzeit, bis zu maximal 4 Wochen muss ausdr\u00fccklich schriftlich vereinbart werden.<\/p>\n<p>7.2. Wird die Ware innerhalb dieser Frist nicht abgeholt, hat das Weingut Mehofer das Recht, entweder die Ware auf Gefahr des Kundes unter Anrechnung einer Lagergeb\u00fchr von 5% des Rechnungsbetrages pro angefangenem Monat plus Umsatzsteuer zu lagern und auf Erf\u00fcllung des Vertrages zu bestehen, oder aber nach Setzung einer Nachfrist von 2 Wochen vom Vertrag zur\u00fcckzutreten und die Ware an einen anderen Kunden weiterzuverkaufen, wobei in diesem Fall der Kunde eine sofort f\u00e4llige Manipulationsgeb\u00fchr von 10% des Kaufpreises plus Umsatzsteuer zu zahlen hat.<\/p>\n<p>7.3. Ist der Kunde mit einer Zahlung oder sonstigen Leistungen in Verzug, so ist das Weingut Mehofer berechtigt:<\/p>\n<ul>\n<li>die Erf\u00fcllung seiner eigenen Verpflichtungen bis zur Leistung der r\u00fcckst\u00e4ndigen Zahlungen oder sonstigen Leistungen aufzuschieben;<\/li>\n<li>eine angemessene Verl\u00e4ngerung der Lieferfrist in Anspruch zu nehmen;<\/li>\n<li>den gesamten oder noch offenen Kaufpreis sofort f\u00e4llig zustellen (Terminverlust); dies gilt auch bei Vereinbarung einer Ratenzahlung mit einem Verbraucher unter der Voraussetzung, dass das Weingut Mehofer seine Leistungen bereits erbracht hat, zumindest eine r\u00fcckst\u00e4ndige Leistung des Verbrauchers seit mindestens 6 Wochen f\u00e4llig ist sowie das Weingut Mehofer den Verbraucher unter Androhung des Terminverlustes und Setzung einer Nachfrist von mindestens 2 Wochen erfolglos gemahnt hat.<\/li>\n<li>bei Nichtzahlung des im Mahnschreiben genannten Termins, unverz\u00fcglich eine Mahnklage einzubringen, deren Kosten der Kunde tr\u00e4gt;<\/li>\n<li>Verzugszinsen von 4% pro Jahr gegen\u00fcber Verbrauchern iSd KSchG und 9,2% \u00fcber dem Basiszinssatz der \u00d6sterreichischen Nationalbank gegen\u00fcber Unternehmern, plus allf\u00e4lliger Umsatzsteuer zu verrechnen;<\/li>\n<li>bei Nichteinhaltung einer angemessenen Nachfrist vom Vertrag zur\u00fcckzutreten sowie<\/li>\n<li>vom Kunde die entstehenden Mahn- und Inkassospesen, soweit sie zur zweckentsprechenden Rechtsverfolgung notwendig sind und in einem angemessenen Verh\u00e4ltnis zur betriebenen Forderung stehen, zu verlangen, wobei der Kunde verpflichtet ist, maximal die Verg\u00fctungen des eingeschalteten Inkassoinstitutes zu ersetzen, die sich aus der VO des BMWA \u00fcber die H\u00f6chsts\u00e4tze der Inkassoinstitute ergeben. Dar\u00fcber hinaus ist jeder weitere dem Weingut Mehofer dadurch entstehende Schaden unabh\u00e4ngig vom Verschulden am Zahlungsverzug zu ersetzen.<\/li>\n<\/ul>\n<ol start=\"8\">\n<li><strong> GEFAHREN\u00dcBERGANG<\/strong><\/li>\n<\/ol>\n<p>8.1. Bei Selbstabholung der Ware durch den Kunden gehen Nutzung und Gefahr sp\u00e4testens mit der \u00dcbergabe der Ware am Hof (Gesch\u00e4ftssitz) auf den Kunden \u00fcber.<\/p>\n<p>8.2. Bei Zustellung der Ware durch das Weingut Mehofer selbst gehen Nutzung und Gefahr mit der \u00dcbergabe an den Kunden oder an eine sich am Lieferort als Vertreter des Kunden zu erkennen gebende Person auf den Kunden \u00fcber.<\/p>\n<p>8.3. Bei Zustellung durch einen Spediteur bzw. Transporteur gehen Nutzung und Gefahr mit der \u00dcbergabe der Ware von Weingut Mehofer an den Spediteur bzw. Transporteur auf den Kunden \u00fcber. Die Zustellung erfolgt somit auf Kosten und Gefahr des .<\/p>\n<p>8.4. Wird eine Spedition bzw. ein Transporteur laut Vereinbarung mit dem Kunden vom Weingut Mehofer beauftragt, so ist die Ware gem\u00e4\u00df den AGB des jeweiligen Transportunternehmens, jedoch betraglich begrenzt, versichert. Wenn der Kunde eine zus\u00e4tzliche Versicherung w\u00fcnscht, muss dies im Vorhinein bekanntgegeben und mit dem Weingut Mehofer vereinbart werden. Die diesbez\u00fcglichen Kosten tr\u00e4gt der Kunde.<\/p>\n<p>8.5. Bei Zustellung an Verbraucher im Sinne des KSchG gehen Nutzung und Gefahr auf den Verbraucher \u00fcber, sobald die Ware an den Verbraucher oder an einen von ihm bestimmten, vom Spediteur bzw. Transporteur verschiedenen Dritten, abgeliefert wird. Hat aber der Verbraucher selbst den Bef\u00f6rderungsvertrag geschlossen, ohne eine vom Weingut Mehofer vorgeschlagene Auswahlm\u00f6glichkeit zu n\u00fctzen, geht die Gefahr bereits mit Aush\u00e4ndigung der Ware an den Spediteur bzw. Transporteur \u00fcber.<\/p>\n<\/p>\n<ol start=\"9\">\n<li><strong>GEW\u00c4HRLEISTUNG<\/strong><\/li>\n<\/ol>\n<p>9.1. Zusagen, wie \u00fcber die Verwendbarkeit oder besondere Eigenschaften der Ware, oder Erkl\u00e4rungen der Angestellten vom Weingut Mehofer sind unverbindlich und stellen keine ausdr\u00fcckliche Zusicherung bestimmter Eigenschaften dar, sofern diese nicht schriftlich erfolgen.<\/p>\n<p>9.2. Gew\u00e4hrleistungsanspr\u00fcche setzen voraus, dass s\u00e4mtliche M\u00e4ngel dem Weingut Mehofer unverz\u00fcglich angezeigt werden. Erkennbare M\u00e4ngel sind dabei sofort bei \u00dcbernahme, versteckte M\u00e4ngel nach Entdeckung und unter Vorlage der angebrochenen Ware und Originalrechnung bekanntzugeben.<\/p>\n<p>9.3. Ein Gew\u00e4hrleistungsanspruch ist in jedem Fall mit dem Kaufpreis der gelieferten und mangelhaften Ware begrenzt.<\/p>\n<p>9.4. Das Weingut Mehofer erf\u00fcllt seine Gew\u00e4hrleistungsverpflichtungen nach eigener Wahl entweder durch Lieferung mangelfreier Ware, Verbesserung, Nachlieferung von Fehlmengen oder R\u00fcckabwicklung des Kaufvertrages (R\u00fcckzahlung des Kaufpreises) innerhalb einer angemessenen Frist.<\/p>\n<p>9.5. Handels\u00fcbliche oder geringf\u00fcgige, technisch bedingte Abweichungen der Qualit\u00e4t, Quantit\u00e4t, Farbe, Gr\u00f6\u00dfe, Ausr\u00fcstung, Design oder des Gewichtes stellen weder Gew\u00e4hrleistungsm\u00e4ngel noch eine Nichterf\u00fcllung des Vertrages dar.<\/p>\n<p>9.6. Das Weingut Mehofer haftet nicht f\u00fcr geschmackliche, farbliche, materialm\u00e4\u00dfige sowie musterm\u00e4\u00dfige \u00dcbereinstimmung oder sonstige \u00dcbereinstimmungsmerkmale von nachbestellter Ware. Entsprechendes gilt f\u00fcr nach Muster bestellte Ware, soweit sich die Abweichung in den handels\u00fcblichen und technischen Grenzen befindet.<\/p>\n<p>9.7. Nach Verkostung, Konsumation oder begonnener Ver- oder Bearbeitung der Ware ist jeder Gew\u00e4hrleistunganspruch ausgeschlossen.<\/p>\n<p>9.8. Die Gew\u00e4hrleistungsfrist betr\u00e4gt 2 Jahre ab dem Zeitpunkt des Gefahren\u00fcberganges gem\u00e4\u00df Pkt.8.<\/p>\n<\/p>\n<ol start=\"10\">\n<li><strong> SCHADENERSATZ <\/strong><\/li>\n<\/ol>\n<p>10.1. Das Weingut Mehofer haftet f\u00fcr Sch\u00e4den nur bei Vorsatz oder grober Fahrl\u00e4ssigkeit, mit Ausnahme von Sch\u00e4den an der Person. Unternehmer haben das Vorliegen von Vorsatz oder grober Fahrl\u00e4ssigkeit zu beweisen.<\/p>\n<p>10.2. Gegen\u00fcber Unternehmern ist die Haftung f\u00fcr entgangenen Gewinn und sonstiger Folgesch\u00e4den ausgeschlossen. Weiters ist ihnen gegen\u00fcber die Haftung mit 10 % des Kaufpreises begrenzt. Der Ersatz von (Mangel-) Folgesch\u00e4den, sonstigen Sachsch\u00e4den, Verm\u00f6genssch\u00e4den und Sch\u00e4den aus Anspr\u00fcchen Dritter gegen den Kunden ist gegen\u00fcber Unternehmern ebenfalls ausgeschlossen. F\u00fcr Gesch\u00e4fte mit Verbrauchern im Sinne des KSchG gilt dies nicht.<\/p>\n<\/p>\n<ol start=\"11\">\n<li><strong> R\u00dcCKTRITTSRECHT DES VERBRAUCHERS<\/strong><\/li>\n<\/ol>\n<p>11.1. Ist der Kunde ein Verbraucher im Sinne des KSchG und hat er seine Bestellung per Post, Telefon, Telefax, E-Mail oder \u00fcber eine Internet-Bestellung via Website aufgegeben, so kann er innerhalb von 14 Werktagen (Montag bis Freitag) ab dem Tag des Eingangs der Ware beim Kunden schriftlich den R\u00fccktritt vom Kaufvertrag erkl\u00e4ren. Der R\u00fccktritt bedarf keiner Begr\u00fcndung, sondern muss nur fristgerecht abgesendet werden. Der Kunde erh\u00e4lt nach erfolgter R\u00fccksendung der Ware den bereits bezahlten Kaufpreis zur\u00fcckerstattet, hat jedoch die Kosten der R\u00fccksendung zu tragen.<\/p>\n<\/p>\n<ol start=\"12\">\n<li><strong> JUGENDSCHUTZ <\/strong><\/li>\n<\/ol>\n<p>12.1. Die Abgabe und die Zustellung von Wein und Spirituosen kann nur an Personen \u00fcber 18 Jahren erfolgen. Zur Einhaltung der gesetzlichen Vorschriften ist das Weingut Mehofer berechtigt, Ware erst nach Legitimation durch einen amtlichen Lichtbildausweis zu \u00fcbergeben. Im Fall der berechtigten Verweigerung der \u00dcbergabe ist der Kunde zum Ersatz des tats\u00e4chlich entstandenen Schadens verpflichtet.<\/p>\n<\/p>\n<ol start=\"13\">\n<li><strong> EDV-VERARBEITUNG UND KUNDENDATEN <\/strong><\/li>\n<\/ol>\n<p>13.1. Der Kunde stimmt zu, dass die bei der Bestellung\/dem Kauf bekannt gegebenen Daten \u00fcber ihn unter Beachtung der Bestimmungen des Datenschutzgesetzes gespeichert und verarbeitet werden. Diese Daten werden, im jeweils notwendigen Ausma\u00df zur Erf\u00fcllung von gesetzlichen Vorschriften, zur Abwicklung des Zahlungsverkehrs und der Kundenpflege verwendet. Im Rahmen der Kundenpflege werden die gesammelten Daten seitens des Weingut Mehofer nicht an andere Unternehmen weitergegeben.<\/p>\n<\/p>\n<ol start=\"14\">\n<li><strong> SONSTIGE BESTIMMUNGEN <\/strong><\/li>\n<\/ol>\n<p>14.1. Sofern einzelne Bestimmungen des Vertrages bzw. dieser Allgemeinen Gesch\u00e4ftsbedingungen ung\u00fcltig sind, hat dies nicht die Ung\u00fcltigkeit des gesamten Vertrages zur Folge. Der restliche Vertragsinhalt bleibt unver\u00e4ndert bestehen.<\/p>\n<p>14.2. Erf\u00fcllungsort ist sowohl f\u00fcr das Weingut Mehofer als auch f\u00fcr den Kunden 3471 Neudegg 14, \u00d6sterreich.<\/p>\n<p>14.3. Zur Entscheidung aller im Zusammenhang mit dem Vertrag entstehenden Streitigkeiten ist das sachlich zust\u00e4ndige Gericht in 3430 Tulln, \u00d6sterreich ausschlie\u00dflich zust\u00e4ndig.<\/p>\n<p>14.4. Der Vertrag unterliegt \u00f6sterreichischem Recht unter Ausschluss des UN-Kaufrechts.<\/p>\n<p>14.5. F\u00fcr Gesch\u00e4fte mit Verbrauchern im Sinne des KSchG gilt Punkt 14.3 nicht. Punkt 14.4 mit der Einschr\u00e4nkung, dass unter den Bedingungen des Art 6 der Verordnung (EG) Nr. 593\/2008 des Europ\u00e4ischen Parlaments und des Rates vom 17. Juni 2008 \u00fcber das auf vertragliche Schuldverh\u00e4ltnisse abzuwendende Recht (\u201eRom I\u201c) besondere Verbraucherschutzbestimmungen des Rechts des Staates, in dem der Verbraucher seinen gew\u00f6hnlichen Aufenthalt hat, dem gew\u00e4hlten \u00f6sterreichischen Recht vorgehen k\u00f6nnen. <\/p>\n\t\t\t\t\t\t\t\t<\/div>\n\t\t\t\t<\/div>\n\t\t\t\t\t<\/div>\n\t\t<\/div>\n\t\t\t\t\t<\/div>\n\t\t<\/section>\n\t\t\t\t<\/div>\n\t\t","protected":false},"excerpt":{"rendered":"<p>Stand 11. Juli 2022 Weingut Mehofer \u2013 Neudeggerhof, Stephan Mehofer mit Sitz in 3471 Neudegg 14, ATU65614249 GELTUNGSBEREICH 1.1. F\u00fcr die Gesch\u00e4ftsbeziehung (Verkauf und die Lieferung von Waren) zwischen dem Weingut Mehofer \u2013 Neudeggerhof, Stephan Mehofer, (im Folgenden \u201eWeingut Mehofer\u201c) und dem K\u00e4ufer (im Folgenden \u201eKunde\u201c) gelten ausschlie\u00dflich die nachstehenden Allgemeinen Gesch\u00e4ftsbedingungen (im Folgenden \u201eAGB\u201c) [&hellip;]<\/p>\n","protected":false},"author":1,"featured_media":0,"parent":0,"menu_order":0,"comment_status":"closed","ping_status":"closed","template":"elementor_header_footer","meta":{"_acf_changed":false,"site-sidebar-layout":"default","site-content-layout":"","ast-site-content-layout":"default","site-content-style":"default","site-sidebar-style":"default","ast-global-header-display":"","ast-banner-title-visibility":"","ast-main-header-display":"","ast-hfb-above-header-display":"","ast-hfb-below-header-display":"","ast-hfb-mobile-header-display":"","site-post-title":"","ast-breadcrumbs-content":"","ast-featured-img":"","footer-sml-layout":"","ast-disable-related-posts":"","theme-transparent-header-meta":"","adv-header-id-meta":"","stick-header-meta":"","header-above-stick-meta":"","header-main-stick-meta":"","header-below-stick-meta":"","astra-migrate-meta-layouts":"default","ast-page-background-enabled":"default","ast-page-background-meta":{"desktop":{"background-color":"var(--ast-global-color-4)","background-image":"","background-repeat":"repeat","background-position":"center center","background-size":"auto","background-attachment":"scroll","background-type":"","background-media":"","overlay-type":"","overlay-color":"","overlay-opacity":"","overlay-gradient":""},"tablet":{"background-color":"","background-image":"","background-repeat":"repeat","background-position":"center center","background-size":"auto","background-attachment":"scroll","background-type":"","background-media":"","overlay-type":"","overlay-color":"","overlay-opacity":"","overlay-gradient":""},"mobile":{"background-color":"","background-image":"","background-repeat":"repeat","background-position":"center center","background-size":"auto","background-attachment":"scroll","background-type":"","background-media":"","overlay-type":"","overlay-color":"","overlay-opacity":"","overlay-gradient":""}},"ast-content-background-meta":{"desktop":{"background-color":"var(--ast-global-color-5)","background-image":"","background-repeat":"repeat","background-position":"center center","background-size":"auto","background-attachment":"scroll","background-type":"","background-media":"","overlay-type":"","overlay-color":"","overlay-opacity":"","overlay-gradient":""},"tablet":{"background-color":"var(--ast-global-color-5)","background-image":"","background-repeat":"repeat","background-position":"center center","background-size":"auto","background-attachment":"scroll","background-type":"","background-media":"","overlay-type":"","overlay-color":"","overlay-opacity":"","overlay-gradient":""},"mobile":{"background-color":"var(--ast-global-color-5)","background-image":"","background-repeat":"repeat","background-position":"center center","background-size":"auto","background-attachment":"scroll","background-type":"","background-media":"","overlay-type":"","overlay-color":"","overlay-opacity":"","overlay-gradient":""}},"footnotes":""},"class_list":["post-3543","page","type-page","status-publish","hentry"],"acf":[],"_links":{"self":[{"href":"https:\/\/mehofer.at\/en\/wp-json\/wp\/v2\/pages\/3543","targetHints":{"allow":["GET"]}}],"collection":[{"href":"https:\/\/mehofer.at\/en\/wp-json\/wp\/v2\/pages"}],"about":[{"href":"https:\/\/mehofer.at\/en\/wp-json\/wp\/v2\/types\/page"}],"author":[{"embeddable":true,"href":"https:\/\/mehofer.at\/en\/wp-json\/wp\/v2\/users\/1"}],"replies":[{"embeddable":true,"href":"https:\/\/mehofer.at\/en\/wp-json\/wp\/v2\/comments?post=3543"}],"version-history":[{"count":2,"href":"https:\/\/mehofer.at\/en\/wp-json\/wp\/v2\/pages\/3543\/revisions"}],"predecessor-version":[{"id":4634,"href":"https:\/\/mehofer.at\/en\/wp-json\/wp\/v2\/pages\/3543\/revisions\/4634"}],"wp:attachment":[{"href":"https:\/\/mehofer.at\/en\/wp-json\/wp\/v2\/media?parent=3543"}],"curies":[{"name":"wp","href":"https:\/\/api.w.org\/{rel}","templated":true}]}}